{"id":760,"date":"2023-10-09T14:37:45","date_gmt":"2023-10-09T18:37:45","guid":{"rendered":"https:\/\/celebrityfoods.com\/product\/turpone-little-brush\/"},"modified":"2024-02-21T22:02:42","modified_gmt":"2024-02-22T03:02:42","slug":"pelle-a-pizza-turpone-noire","status":"publish","type":"product","link":"https:\/\/celebrityfoods.com\/fr\/produit\/pelle-a-pizza-turpone-noire\/","title":{"rendered":"Pelle \u00e0 pizza Turpone noire"},"content":{"rendered":"","protected":false},"excerpt":{"rendered":"<p>La pelle \u00e0 pizza Turpone est une pelle de qualit\u00e9 professionnelle perfor\u00e9e, con\u00e7ue pour placer facilement la p\u00e2te \u00e0 pizza dans votre four \u00e0 pizza Turpone. <\/p>\n<p>Cette pelle \u00e0 pizza en aluminium poss\u00e8de une finition anodis\u00e9e. Son bord avant effil\u00e9 est con\u00e7u pour permettre \u00e0 la pelle de glisser sans effort sous la p\u00e2te, tandis que les perforations \u00e9vitent que l&rsquo;exc\u00e8s de farine ne glisse sur la pierre. <\/p>\n<p>La pelle \u00e0 pizza Turpone est \u00e9quip\u00e9e d&rsquo;une boucle int\u00e9gr\u00e9e pour un rangement facile lorsqu&rsquo;elle n&rsquo;est pas utilis\u00e9e.<\/p>\n","protected":false},"featured_media":1073,"comment_status":"closed","ping_status":"closed","template":"","meta":{"_acf_changed":false},"product_brand":[],"product_cat":[38,41],"product_tag":[],"class_list":{"0":"post-760","1":"product","2":"type-product","3":"status-publish","4":"has-post-thumbnail","6":"product_cat-accessories-fr","7":"product_cat-peels-brushes-fr","9":"first","10":"instock","11":"taxable","12":"shipping-taxable","13":"purchasable","14":"product-type-simple"},"acf":[],"_links":{"self":[{"href":"https:\/\/celebrityfoods.com\/fr\/wp-json\/wp\/v2\/product\/760","targetHints":{"allow":["GET"]}}],"collection":[{"href":"https:\/\/celebrityfoods.com\/fr\/wp-json\/wp\/v2\/product"}],"about":[{"href":"https:\/\/celebrityfoods.com\/fr\/wp-json\/wp\/v2\/types\/product"}],"replies":[{"embeddable":true,"href":"https:\/\/celebrityfoods.com\/fr\/wp-json\/wp\/v2\/comments?post=760"}],"wp:featuredmedia":[{"embeddable":true,"href":"https:\/\/celebrityfoods.com\/fr\/wp-json\/wp\/v2\/media\/1073"}],"wp:attachment":[{"href":"https:\/\/celebrityfoods.com\/fr\/wp-json\/wp\/v2\/media?parent=760"}],"wp:term":[{"taxonomy":"product_brand","embeddable":true,"href":"https:\/\/celebrityfoods.com\/fr\/wp-json\/wp\/v2\/product_brand?post=760"},{"taxonomy":"product_cat","embeddable":true,"href":"https:\/\/celebrityfoods.com\/fr\/wp-json\/wp\/v2\/product_cat?post=760"},{"taxonomy":"product_tag","embeddable":true,"href":"https:\/\/celebrityfoods.com\/fr\/wp-json\/wp\/v2\/product_tag?post=760"}],"curies":[{"name":"wp","href":"https:\/\/api.w.org\/{rel}","templated":true}]}}