{"id":762,"date":"2023-10-09T14:36:41","date_gmt":"2023-10-09T18:36:41","guid":{"rendered":"https:\/\/celebrityfoods.com\/product\/turpone-fresh-brush\/"},"modified":"2024-02-21T22:05:30","modified_gmt":"2024-02-22T03:05:30","slug":"turpone-fresh-brush","status":"publish","type":"product","link":"https:\/\/celebrityfoods.com\/fr\/produit\/turpone-fresh-brush\/","title":{"rendered":"Pelle \u00e0 pizza Turpone en acier inoxydable"},"content":{"rendered":"<p>La brosse \u00e0 pierre \u00e0 pizza Turpone avec manche en bois de 24 pouces et grattoir en acier inoxydable est un outil de nettoyage 2-en-1 pour pierre. <\/p>\n<p>Cette brosse est l&rsquo;outil parfait pour nettoyer rapidement votre pierre en cordi\u00e9rite apr\u00e8s la cuisson. Utilisez les poils pour brosser l&rsquo;exc\u00e8s de farine ou le grattoir pour vous occuper des r\u00e9sidus alimentaires tomb\u00e9s. <\/p>\n<p>Votre brosse \u00e0 pierre \u00e0 pizza Turpone inclut une corde pour un rangement pratique.<\/p>\n","protected":false},"excerpt":{"rendered":"<p>La brosse \u00e0 pierre \u00e0 pizza Turpone \u00e0 manche en bois de 24 po avec grattoir en acier inoxydable est un outil de nettoyage de pierre 2 en 1. Cette brosse est l&rsquo;outil parfait pour nettoyer rapidement votre pierre de cordi\u00e9rite apr\u00e8s la cuisson.<\/p>\n","protected":false},"featured_media":1083,"comment_status":"closed","ping_status":"closed","template":"","meta":{"_acf_changed":false},"product_brand":[],"product_cat":[38,41],"product_tag":[],"class_list":{"0":"post-762","1":"product","2":"type-product","3":"status-publish","4":"has-post-thumbnail","6":"product_cat-accessories-fr","7":"product_cat-peels-brushes-fr","9":"first","10":"instock","11":"taxable","12":"shipping-taxable","13":"purchasable","14":"product-type-simple"},"acf":[],"_links":{"self":[{"href":"https:\/\/celebrityfoods.com\/fr\/wp-json\/wp\/v2\/product\/762","targetHints":{"allow":["GET"]}}],"collection":[{"href":"https:\/\/celebrityfoods.com\/fr\/wp-json\/wp\/v2\/product"}],"about":[{"href":"https:\/\/celebrityfoods.com\/fr\/wp-json\/wp\/v2\/types\/product"}],"replies":[{"embeddable":true,"href":"https:\/\/celebrityfoods.com\/fr\/wp-json\/wp\/v2\/comments?post=762"}],"wp:featuredmedia":[{"embeddable":true,"href":"https:\/\/celebrityfoods.com\/fr\/wp-json\/wp\/v2\/media\/1083"}],"wp:attachment":[{"href":"https:\/\/celebrityfoods.com\/fr\/wp-json\/wp\/v2\/media?parent=762"}],"wp:term":[{"taxonomy":"product_brand","embeddable":true,"href":"https:\/\/celebrityfoods.com\/fr\/wp-json\/wp\/v2\/product_brand?post=762"},{"taxonomy":"product_cat","embeddable":true,"href":"https:\/\/celebrityfoods.com\/fr\/wp-json\/wp\/v2\/product_cat?post=762"},{"taxonomy":"product_tag","embeddable":true,"href":"https:\/\/celebrityfoods.com\/fr\/wp-json\/wp\/v2\/product_tag?post=762"}],"curies":[{"name":"wp","href":"https:\/\/api.w.org\/{rel}","templated":true}]}}