{"id":767,"date":"2023-10-06T10:34:29","date_gmt":"2023-10-06T10:34:29","guid":{"rendered":"https:\/\/celebrityfoods.com\/product\/turpone-pizza-stone-brush\/"},"modified":"2024-02-21T21:40:13","modified_gmt":"2024-02-22T02:40:13","slug":"turpone-pizza-stone-brush","status":"publish","type":"product","link":"https:\/\/celebrityfoods.com\/fr\/produit\/turpone-pizza-stone-brush\/","title":{"rendered":"Brosse \u00e0 pierre \u00e0 pizza Turpone"},"content":{"rendered":"","protected":false},"excerpt":{"rendered":"<p>La brosse \u00e0 pierre \u00e0 pizza Turpone \u00e0 manche en bois de 24 po avec grattoir en acier inoxydable est un outil de nettoyage de pierre 2 en 1. Cette brosse est l&rsquo;outil parfait pour nettoyer rapidement votre pierre de cordi\u00e9rite apr\u00e8s la cuisson.<\/p>\n<p>Utilisez les poils pour \u00e9liminer l&rsquo;exc\u00e8s de farine ou le grattoir pour traiter les aliments tomb\u00e9s.<\/p>\n<p>Votre brosse \u00e0 pierre \u00e0 pizza Turpone comprend une corde de suspension pour un rangement pratique.<\/p>\n","protected":false},"featured_media":674,"comment_status":"closed","ping_status":"closed","template":"","meta":{"_acf_changed":false},"product_brand":[],"product_cat":[38,41],"product_tag":[],"class_list":{"0":"post-767","1":"product","2":"type-product","3":"status-publish","4":"has-post-thumbnail","6":"product_cat-accessories-fr","7":"product_cat-peels-brushes-fr","9":"first","10":"instock","11":"taxable","12":"shipping-taxable","13":"purchasable","14":"product-type-simple"},"acf":[],"_links":{"self":[{"href":"https:\/\/celebrityfoods.com\/fr\/wp-json\/wp\/v2\/product\/767","targetHints":{"allow":["GET"]}}],"collection":[{"href":"https:\/\/celebrityfoods.com\/fr\/wp-json\/wp\/v2\/product"}],"about":[{"href":"https:\/\/celebrityfoods.com\/fr\/wp-json\/wp\/v2\/types\/product"}],"replies":[{"embeddable":true,"href":"https:\/\/celebrityfoods.com\/fr\/wp-json\/wp\/v2\/comments?post=767"}],"wp:featuredmedia":[{"embeddable":true,"href":"https:\/\/celebrityfoods.com\/fr\/wp-json\/wp\/v2\/media\/674"}],"wp:attachment":[{"href":"https:\/\/celebrityfoods.com\/fr\/wp-json\/wp\/v2\/media?parent=767"}],"wp:term":[{"taxonomy":"product_brand","embeddable":true,"href":"https:\/\/celebrityfoods.com\/fr\/wp-json\/wp\/v2\/product_brand?post=767"},{"taxonomy":"product_cat","embeddable":true,"href":"https:\/\/celebrityfoods.com\/fr\/wp-json\/wp\/v2\/product_cat?post=767"},{"taxonomy":"product_tag","embeddable":true,"href":"https:\/\/celebrityfoods.com\/fr\/wp-json\/wp\/v2\/product_tag?post=767"}],"curies":[{"name":"wp","href":"https:\/\/api.w.org\/{rel}","templated":true}]}}