{"id":768,"date":"2023-10-06T10:34:29","date_gmt":"2023-10-06T14:34:29","guid":{"rendered":"https:\/\/celebrityfoods.com\/product\/turpone-infrared-thermometer\/"},"modified":"2024-02-21T22:09:10","modified_gmt":"2024-02-22T03:09:10","slug":"turpone-infrared-thermometer","status":"publish","type":"product","link":"https:\/\/celebrityfoods.com\/fr\/produit\/turpone-infrared-thermometer\/","title":{"rendered":"Thermom\u00e8tre infrarouge Turpone"},"content":{"rendered":"<p>Le pistolet thermom\u00e8tre infrarouge Turpone \u00e9limine toute devinette. Il est con\u00e7u pour \u00eatre utilis\u00e9 pendant les p\u00e9riodes de pr\u00e9chauffage et de recharge, vous permettant de savoir quand votre pierre \u00e0 pizza a atteint la temp\u00e9rature optimale.<\/p>\n<p><strong>Cuire la pizza parfaite commence par une cuisson \u00e0 la bonne temp\u00e9rature.<\/strong><\/p>\n","protected":false},"excerpt":{"rendered":"<p>Le pistolet thermom\u00e8tre infrarouge Turpone \u00e9limine toute devinette. Il est con\u00e7u pour \u00eatre utilis\u00e9 pendant les p\u00e9riodes de pr\u00e9chauffage et de recharge, vous permettant de savoir quand votre pierre \u00e0 pizza a atteint la temp\u00e9rature optimale.<\/p>\n","protected":false},"featured_media":1089,"comment_status":"closed","ping_status":"closed","template":"","meta":{"_acf_changed":false},"product_brand":[],"product_cat":[38,40],"product_tag":[],"class_list":{"0":"post-768","1":"product","2":"type-product","3":"status-publish","4":"has-post-thumbnail","6":"product_cat-accessories-fr","7":"product_cat-oven-accessories-fr","9":"first","10":"instock","11":"taxable","12":"shipping-taxable","13":"purchasable","14":"product-type-simple"},"acf":[],"_links":{"self":[{"href":"https:\/\/celebrityfoods.com\/fr\/wp-json\/wp\/v2\/product\/768","targetHints":{"allow":["GET"]}}],"collection":[{"href":"https:\/\/celebrityfoods.com\/fr\/wp-json\/wp\/v2\/product"}],"about":[{"href":"https:\/\/celebrityfoods.com\/fr\/wp-json\/wp\/v2\/types\/product"}],"replies":[{"embeddable":true,"href":"https:\/\/celebrityfoods.com\/fr\/wp-json\/wp\/v2\/comments?post=768"}],"wp:featuredmedia":[{"embeddable":true,"href":"https:\/\/celebrityfoods.com\/fr\/wp-json\/wp\/v2\/media\/1089"}],"wp:attachment":[{"href":"https:\/\/celebrityfoods.com\/fr\/wp-json\/wp\/v2\/media?parent=768"}],"wp:term":[{"taxonomy":"product_brand","embeddable":true,"href":"https:\/\/celebrityfoods.com\/fr\/wp-json\/wp\/v2\/product_brand?post=768"},{"taxonomy":"product_cat","embeddable":true,"href":"https:\/\/celebrityfoods.com\/fr\/wp-json\/wp\/v2\/product_cat?post=768"},{"taxonomy":"product_tag","embeddable":true,"href":"https:\/\/celebrityfoods.com\/fr\/wp-json\/wp\/v2\/product_tag?post=768"}],"curies":[{"name":"wp","href":"https:\/\/api.w.org\/{rel}","templated":true}]}}