{"id":769,"date":"2023-10-06T10:34:29","date_gmt":"2023-10-06T14:34:29","guid":{"rendered":"https:\/\/celebrityfoods.com\/product\/turpone-pizza-peel-long-handle\/"},"modified":"2024-02-21T22:13:57","modified_gmt":"2024-02-22T03:13:57","slug":"turpone-pizza-peel-long-handle","status":"publish","type":"product","link":"https:\/\/celebrityfoods.com\/fr\/produit\/turpone-pizza-peel-long-handle\/","title":{"rendered":"Pelle \u00e0 pizza Turpone &#8211; Manche long"},"content":{"rendered":"<p>La pelle \u00e0 pizza Turpone est une pelle perfor\u00e9e de qualit\u00e9 professionnelle con\u00e7ue pour placer facilement la p\u00e2te \u00e0 pizza dans votre four \u00e0 pizza Turpone.<\/p>\n<p>Cette pelle \u00e0 pizza en aluminium a une finition anodis\u00e9e. Son bord avant effil\u00e9 est con\u00e7u pour permettre \u00e0 la peau de glisser sans effort sous la p\u00e2te tandis que les perforations \u00e9vitent que l&rsquo;exc\u00e8s de farine ne glisse sur la pierre.<\/p>\n<p>La pelle \u00e0 pizza Turpone est dot\u00e9e d&rsquo;une boucle int\u00e9gr\u00e9e pour l&rsquo;accrocher facilement lorsqu&rsquo;elle n&rsquo;est pas utilis\u00e9e.<\/p>\n<p><strong>Dimensions<\/strong>\u00a0:<\/p>\n<p>44,5&Prime; de longueur x\u00a0 12&Prime; de largeur<\/p>\n","protected":false},"excerpt":{"rendered":"<p>La pelle \u00e0 pizza Turpone est une pelle perfor\u00e9e de qualit\u00e9 professionnelle con\u00e7ue pour placer facilement la p\u00e2te \u00e0 pizza dans votre four \u00e0 pizza Turpone.<\/p>\n","protected":false},"featured_media":1099,"comment_status":"closed","ping_status":"closed","template":"","meta":{"_acf_changed":false},"product_brand":[],"product_cat":[38,40],"product_tag":[],"class_list":{"0":"post-769","1":"product","2":"type-product","3":"status-publish","4":"has-post-thumbnail","6":"product_cat-accessories-fr","7":"product_cat-oven-accessories-fr","9":"first","10":"instock","11":"taxable","12":"shipping-taxable","13":"purchasable","14":"product-type-simple"},"acf":[],"_links":{"self":[{"href":"https:\/\/celebrityfoods.com\/fr\/wp-json\/wp\/v2\/product\/769","targetHints":{"allow":["GET"]}}],"collection":[{"href":"https:\/\/celebrityfoods.com\/fr\/wp-json\/wp\/v2\/product"}],"about":[{"href":"https:\/\/celebrityfoods.com\/fr\/wp-json\/wp\/v2\/types\/product"}],"replies":[{"embeddable":true,"href":"https:\/\/celebrityfoods.com\/fr\/wp-json\/wp\/v2\/comments?post=769"}],"wp:featuredmedia":[{"embeddable":true,"href":"https:\/\/celebrityfoods.com\/fr\/wp-json\/wp\/v2\/media\/1099"}],"wp:attachment":[{"href":"https:\/\/celebrityfoods.com\/fr\/wp-json\/wp\/v2\/media?parent=769"}],"wp:term":[{"taxonomy":"product_brand","embeddable":true,"href":"https:\/\/celebrityfoods.com\/fr\/wp-json\/wp\/v2\/product_brand?post=769"},{"taxonomy":"product_cat","embeddable":true,"href":"https:\/\/celebrityfoods.com\/fr\/wp-json\/wp\/v2\/product_cat?post=769"},{"taxonomy":"product_tag","embeddable":true,"href":"https:\/\/celebrityfoods.com\/fr\/wp-json\/wp\/v2\/product_tag?post=769"}],"curies":[{"name":"wp","href":"https:\/\/api.w.org\/{rel}","templated":true}]}}