{"id":770,"date":"2023-10-06T10:34:28","date_gmt":"2023-10-06T10:34:28","guid":{"rendered":"https:\/\/celebrityfoods.com\/product\/turpone-rolling-pizza-cutter\/"},"modified":"2024-02-21T21:37:48","modified_gmt":"2024-02-22T02:37:48","slug":"turpone-rolling-pizza-cutter","status":"publish","type":"product","link":"https:\/\/celebrityfoods.com\/fr\/produit\/turpone-rolling-pizza-cutter\/","title":{"rendered":"Coupe-Pizza Roulant Turpone"},"content":{"rendered":"","protected":false},"excerpt":{"rendered":"<p>Tranchez la pizza comme un pro avec le coupe-pizza roulant Turpone, con\u00e7u avec une lame en acier inoxydable pour une coupe simplifi\u00e9e et une poign\u00e9e douce au toucher.<\/p>\n<p>Pour une tranche parfaite, appuyez fermement la roue sur la cro\u00fbte et roulez sur la pizza d&rsquo;un seul mouvement rapide.<\/p>\n","protected":false},"featured_media":610,"comment_status":"closed","ping_status":"closed","template":"","meta":{"_acf_changed":false},"product_brand":[],"product_cat":[38,41],"product_tag":[],"class_list":{"0":"post-770","1":"product","2":"type-product","3":"status-publish","4":"has-post-thumbnail","6":"product_cat-accessories-fr","7":"product_cat-peels-brushes-fr","9":"first","10":"instock","11":"taxable","12":"shipping-taxable","13":"purchasable","14":"product-type-simple"},"acf":[],"_links":{"self":[{"href":"https:\/\/celebrityfoods.com\/fr\/wp-json\/wp\/v2\/product\/770","targetHints":{"allow":["GET"]}}],"collection":[{"href":"https:\/\/celebrityfoods.com\/fr\/wp-json\/wp\/v2\/product"}],"about":[{"href":"https:\/\/celebrityfoods.com\/fr\/wp-json\/wp\/v2\/types\/product"}],"replies":[{"embeddable":true,"href":"https:\/\/celebrityfoods.com\/fr\/wp-json\/wp\/v2\/comments?post=770"}],"wp:featuredmedia":[{"embeddable":true,"href":"https:\/\/celebrityfoods.com\/fr\/wp-json\/wp\/v2\/media\/610"}],"wp:attachment":[{"href":"https:\/\/celebrityfoods.com\/fr\/wp-json\/wp\/v2\/media?parent=770"}],"wp:term":[{"taxonomy":"product_brand","embeddable":true,"href":"https:\/\/celebrityfoods.com\/fr\/wp-json\/wp\/v2\/product_brand?post=770"},{"taxonomy":"product_cat","embeddable":true,"href":"https:\/\/celebrityfoods.com\/fr\/wp-json\/wp\/v2\/product_cat?post=770"},{"taxonomy":"product_tag","embeddable":true,"href":"https:\/\/celebrityfoods.com\/fr\/wp-json\/wp\/v2\/product_tag?post=770"}],"curies":[{"name":"wp","href":"https:\/\/api.w.org\/{rel}","templated":true}]}}