{"id":773,"date":"2023-10-06T10:34:28","date_gmt":"2023-10-06T14:34:28","guid":{"rendered":"https:\/\/celebrityfoods.com\/product\/turpone-mini-baking-stone\/"},"modified":"2024-02-21T21:43:28","modified_gmt":"2024-02-22T02:43:28","slug":"turpone-mini-baking-stone","status":"publish","type":"product","link":"https:\/\/celebrityfoods.com\/fr\/produit\/turpone-mini-baking-stone\/","title":{"rendered":"Mini pierre de cuisson Turpone"},"content":{"rendered":"","protected":false},"excerpt":{"rendered":"<p>Rafra\u00eechissez la pierre de cuisson de votre four \u00e0 pizza Turpone Mini avec l&rsquo;une de nos pierres de cuisson en cordi\u00e9rite r\u00e9sistantes aux chocs de 12 pouces de rechange.<\/p>\n<p>Son savoir-faire raffin\u00e9 r\u00e9partit la chaleur uniform\u00e9ment pour obtenir une <strong>cro\u00fbte croustillante \u00e0 chaque fois\u00a0!<\/strong><\/p>\n","protected":false},"featured_media":1115,"comment_status":"closed","ping_status":"closed","template":"","meta":{"_acf_changed":false},"product_brand":[],"product_cat":[38,40],"product_tag":[],"class_list":{"0":"post-773","1":"product","2":"type-product","3":"status-publish","4":"has-post-thumbnail","6":"product_cat-accessories-fr","7":"product_cat-oven-accessories-fr","9":"first","10":"instock","11":"taxable","12":"shipping-taxable","13":"purchasable","14":"product-type-simple"},"acf":[],"_links":{"self":[{"href":"https:\/\/celebrityfoods.com\/fr\/wp-json\/wp\/v2\/product\/773","targetHints":{"allow":["GET"]}}],"collection":[{"href":"https:\/\/celebrityfoods.com\/fr\/wp-json\/wp\/v2\/product"}],"about":[{"href":"https:\/\/celebrityfoods.com\/fr\/wp-json\/wp\/v2\/types\/product"}],"replies":[{"embeddable":true,"href":"https:\/\/celebrityfoods.com\/fr\/wp-json\/wp\/v2\/comments?post=773"}],"wp:featuredmedia":[{"embeddable":true,"href":"https:\/\/celebrityfoods.com\/fr\/wp-json\/wp\/v2\/media\/1115"}],"wp:attachment":[{"href":"https:\/\/celebrityfoods.com\/fr\/wp-json\/wp\/v2\/media?parent=773"}],"wp:term":[{"taxonomy":"product_brand","embeddable":true,"href":"https:\/\/celebrityfoods.com\/fr\/wp-json\/wp\/v2\/product_brand?post=773"},{"taxonomy":"product_cat","embeddable":true,"href":"https:\/\/celebrityfoods.com\/fr\/wp-json\/wp\/v2\/product_cat?post=773"},{"taxonomy":"product_tag","embeddable":true,"href":"https:\/\/celebrityfoods.com\/fr\/wp-json\/wp\/v2\/product_tag?post=773"}],"curies":[{"name":"wp","href":"https:\/\/api.w.org\/{rel}","templated":true}]}}