{"id":775,"date":"2023-10-06T10:34:25","date_gmt":"2023-10-06T14:34:25","guid":{"rendered":"https:\/\/celebrityfoods.com\/product\/turpone-mini\/"},"modified":"2024-02-21T17:33:32","modified_gmt":"2024-02-21T22:33:32","slug":"turpone-mini","status":"publish","type":"product","link":"https:\/\/celebrityfoods.com\/fr\/produit\/turpone-mini\/","title":{"rendered":"Turpone &#8211; Mini"},"content":{"rendered":"<p>Voici le Turpone, un four au propane haute performance dans une classe \u00e0 part gr\u00e2ce \u00e0 une pierre c\u00e9ramique rotative exclusive, une premi\u00e8re dans l&rsquo;industrie. Gr\u00e2ce \u00e0 ses puissantes capacit\u00e9s de chauffage, le Turpone peut atteindre des temp\u00e9ratures allant jusqu&rsquo;\u00e0 950 degr\u00e9s Fahrenheit, vous permettant de cuisiner facilement des pizzas et de nombreux autres aliments.<\/p>\n","protected":false},"excerpt":{"rendered":"<p>Four \u00e0 pizza rotatif portatif aliment\u00e9 au propane de 12 pouces.<\/p>\n","protected":false},"featured_media":1234,"comment_status":"closed","ping_status":"closed","template":"","meta":{"_acf_changed":false},"product_brand":[],"product_cat":[43],"product_tag":[45],"class_list":{"0":"post-775","1":"product","2":"type-product","3":"status-publish","4":"has-post-thumbnail","6":"product_cat-ovens-fr","7":"product_tag-ovens-fr","8":"product_shipping_class-large-parcel-fr","10":"first","11":"onbackorder","12":"taxable","13":"shipping-taxable","14":"purchasable","15":"product-type-simple"},"acf":[],"_links":{"self":[{"href":"https:\/\/celebrityfoods.com\/fr\/wp-json\/wp\/v2\/product\/775","targetHints":{"allow":["GET"]}}],"collection":[{"href":"https:\/\/celebrityfoods.com\/fr\/wp-json\/wp\/v2\/product"}],"about":[{"href":"https:\/\/celebrityfoods.com\/fr\/wp-json\/wp\/v2\/types\/product"}],"replies":[{"embeddable":true,"href":"https:\/\/celebrityfoods.com\/fr\/wp-json\/wp\/v2\/comments?post=775"}],"wp:featuredmedia":[{"embeddable":true,"href":"https:\/\/celebrityfoods.com\/fr\/wp-json\/wp\/v2\/media\/1234"}],"wp:attachment":[{"href":"https:\/\/celebrityfoods.com\/fr\/wp-json\/wp\/v2\/media?parent=775"}],"wp:term":[{"taxonomy":"product_brand","embeddable":true,"href":"https:\/\/celebrityfoods.com\/fr\/wp-json\/wp\/v2\/product_brand?post=775"},{"taxonomy":"product_cat","embeddable":true,"href":"https:\/\/celebrityfoods.com\/fr\/wp-json\/wp\/v2\/product_cat?post=775"},{"taxonomy":"product_tag","embeddable":true,"href":"https:\/\/celebrityfoods.com\/fr\/wp-json\/wp\/v2\/product_tag?post=775"}],"curies":[{"name":"wp","href":"https:\/\/api.w.org\/{rel}","templated":true}]}}